{"id":15025,"date":"2020-03-17T16:27:51","date_gmt":"2020-03-17T15:27:51","guid":{"rendered":"https:\/\/dj-dancer.at\/?page_id=15025"},"modified":"2020-03-17T16:27:51","modified_gmt":"2020-03-17T15:27:51","slug":"galerie-anleitung-zum-foto-kopieren","status":"publish","type":"page","link":"https:\/\/dj-dancer.at\/index.php\/galerie-anleitung-zum-foto-kopieren\/","title":{"rendered":"Galerie Anleitung zum Foto-Kopieren"},"content":{"rendered":"<div style=\"background-repeat: no-repeat;\"><p>[vc_row][vc_column][vc_column_text]<span style=\"font-size: 12pt;\">Sie k\u00f6nnen gerne alle unsere Fotos kopieren:<\/span><\/p>\n<p><span style=\"font-size: 12pt;\">1) Fotogalerie mit Fotos der gew\u00fcnschten Veranstaltung aufschlagen; Cursor aufs kleine Foto in der Fotogalerie stellen (nicht klicken mit linker Maustaste, sonst wird das Foto gro\u00df);<\/span><\/p>\n<p><span style=\"font-size: 12pt;\">2) rechte Maustaste klicken: es erscheint die Auswahl \u201cLink in neuem Tab \u00f6ffnen\u201d: diesen mit linker Maustaste anklicken;<\/span><\/p>\n<p><span style=\"font-size: 12pt;\">3) damit \u00f6ffnet sich ein neues Fenster oben in der Browser-Zeile \u2013 mit diesem Foto gro\u00df; wechseln auf dieses neue Fenster (anklicken mit linker Maustaste oben im Browser-Bereich), stellen Cursor auf dieses gro\u00dfe Foto \u2013 rechte Maustaste klicken;<\/span><\/p>\n<p><span style=\"font-size: 12pt;\">4) es erscheint die Auswahl \u201cGrafik speichern unter\u201d: anklicken mit linker Maustaste, damit laden Sie dieses Foto runter auf Ihren PC \ud83d\ude42 (mit linker Maustaste \u201cSpeichern\u201d anklicken, da befinden Sie sich bereits auf Ihrem PC in einer vorgeschlagenen Directory, die Sie jederzeit \u00e4ndern k\u00f6nnen) und dann viel Spa\u00df damit (anschauen, drucken etc. \ud83d\ude09 )<\/span><\/p>\n<p><span style=\"font-size: 12pt;\">(es k\u00f6nnte sein, da\u00df Sie einen anderen Browser verwenden, und dann hei\u00dft der Text statt \u201cLink in neuem Tab \u00f6ffnen\u201d vielleicht \u201cVerkn\u00fcpfte Dateien\u201d oder \u00e4hnlich \u2013 ist aber die gleiche Funktion)<\/span>[\/vc_column_text][\/vc_column][\/vc_row]<\/p>\n<\/div>","protected":false},"excerpt":{"rendered":"<p>[vc_row][vc_column][vc_column_text]Sie k\u00f6nnen gerne alle unsere Fotos kopieren: 1) Fotogalerie mit Fotos der gew\u00fcnschten Veranstaltung aufschlagen; Cursor aufs kleine Foto in der Fotogalerie stellen (nicht klicken mit linker Maustaste, sonst wird das Foto gro\u00df); 2) rechte Maustaste klicken: es erscheint die &hellip; <a href=\"https:\/\/dj-dancer.at\/index.php\/galerie-anleitung-zum-foto-kopieren\/\">Continue reading <span class=\"meta-nav\">&rarr;<\/span><\/a><\/p>\n","protected":false},"author":1,"featured_media":0,"parent":0,"menu_order":0,"comment_status":"closed","ping_status":"closed","template":"","meta":{"_monsterinsights_skip_tracking":false,"_monsterinsights_sitenote_active":false,"_monsterinsights_sitenote_note":"","_monsterinsights_sitenote_category":0,"footnotes":""},"class_list":["post-15025","page","type-page","status-publish","hentry"],"_links":{"self":[{"href":"https:\/\/dj-dancer.at\/index.php\/wp-json\/wp\/v2\/pages\/15025","targetHints":{"allow":["GET"]}}],"collection":[{"href":"https:\/\/dj-dancer.at\/index.php\/wp-json\/wp\/v2\/pages"}],"about":[{"href":"https:\/\/dj-dancer.at\/index.php\/wp-json\/wp\/v2\/types\/page"}],"author":[{"embeddable":true,"href":"https:\/\/dj-dancer.at\/index.php\/wp-json\/wp\/v2\/users\/1"}],"replies":[{"embeddable":true,"href":"https:\/\/dj-dancer.at\/index.php\/wp-json\/wp\/v2\/comments?post=15025"}],"version-history":[{"count":2,"href":"https:\/\/dj-dancer.at\/index.php\/wp-json\/wp\/v2\/pages\/15025\/revisions"}],"predecessor-version":[{"id":15027,"href":"https:\/\/dj-dancer.at\/index.php\/wp-json\/wp\/v2\/pages\/15025\/revisions\/15027"}],"wp:attachment":[{"href":"https:\/\/dj-dancer.at\/index.php\/wp-json\/wp\/v2\/media?parent=15025"}],"curies":[{"name":"wp","href":"https:\/\/api.w.org\/{rel}","templated":true}]}}