{"id":16,"date":"2013-02-20T03:47:57","date_gmt":"2013-02-20T01:47:57","guid":{"rendered":"http:\/\/partydancer.at\/wordpress\/?page_id=16"},"modified":"2022-04-19T17:15:14","modified_gmt":"2022-04-19T15:15:14","slug":"kontakt","status":"publish","type":"page","link":"https:\/\/dj-dancer.at\/index.php\/kontakt\/","title":{"rendered":"Kontakt"},"content":{"rendered":"<div style=\"background-repeat: no-repeat;\"><p>[vc_row][vc_column][vc_column_text]<span style=\"font-size: 14pt;\"><strong>Rono ALAM<\/strong><\/span><b><\/b><\/p>\n<div id=\"attachment_11163\" style=\"width: 160px\" class=\"wp-caption alignright\"><a href=\"http:\/\/dj-dancer.at\/wp-content\/uploads\/2017\/06\/Rono-Portrait-MSC.jpg\"><img loading=\"lazy\" decoding=\"async\" aria-describedby=\"caption-attachment-11163\" class=\"wp-image-11163 size-thumbnail\" src=\"https:\/\/dj-dancer.at\/wp-content\/uploads\/2017\/06\/Rono-Portrait-MSC-150x137.jpg\" alt=\"\" width=\"150\" height=\"137\" srcset=\"https:\/\/dj-dancer.at\/wp-content\/uploads\/2017\/06\/Rono-Portrait-MSC-150x137.jpg 150w, https:\/\/dj-dancer.at\/wp-content\/uploads\/2017\/06\/Rono-Portrait-MSC-300x274.jpg 300w, https:\/\/dj-dancer.at\/wp-content\/uploads\/2017\/06\/Rono-Portrait-MSC-768x703.jpg 768w, https:\/\/dj-dancer.at\/wp-content\/uploads\/2017\/06\/Rono-Portrait-MSC-1024x937.jpg 1024w, https:\/\/dj-dancer.at\/wp-content\/uploads\/2017\/06\/Rono-Portrait-MSC-328x300.jpg 328w, https:\/\/dj-dancer.at\/wp-content\/uploads\/2017\/06\/Rono-Portrait-MSC.jpg 1138w\" sizes=\"auto, (max-width: 150px) 100vw, 150px\" \/><\/a><p id=\"caption-attachment-11163\" class=\"wp-caption-text\">Rono Alam<\/p><\/div>\n<p>K\u00fcnstler-Agentur und -Management<\/p>\n<p><b>Adresse:<\/b><br \/>\nLechnerstrasse 1-5<br \/>\nA\u20131030 Wien<br \/>\nAustria \/ \u00d6sterreich<\/p>\n<p style=\"font-size: 13px;\"><b>Mobil: <\/b><span style=\"font-size: 12pt;\">0<\/span><span style=\"font-size: 12pt;\">650 255 98 91<\/span><br \/>\n<b>E-Mail:<b> <\/b><\/b><span style=\"font-size: 12pt;\"><a href=\"mailto:info@partydancer.at\"><span style=\"color: #ff8c00;\">info@partydancer.at<\/span><\/a><\/span><\/p>\n<p><strong>\u00dcber mich:<\/strong><br \/>\nIch wurde in Bangladesch geboren und kam 1992 nach Wien. Anfangs \u00fcbte ich meinen Beruf als Profi-Badminton-Spieler und -Trainer in verschiedenen Sport-Vereinen aus. Seit 1993 arbeitete ich als Sportlehrer am Universit\u00e4tssportinstitut Wien.<\/p>\n<p dir=\"ltr\">2005 begann ich mit dem Turniertanz und bald darauf auch als Tanzbegleiter \/ Taxi-Dancer. Ein Jahr sp\u00e4ter hatte ich die Idee dies nebenbei firmenm\u00e4\u00dfig weiterzuf\u00fchren, da ich merkte, dass es viele tanzfreudige Damen ohne Tanzpartner gibt. So gr\u00fcndete ich &#8222;Partydancer.at&#8220; in \u00d6sterreich. Durch meine Tanzerfahrung bekam ich ein gutes Gesp\u00fcr f\u00fcr Musik und Takt. Dies waren die wichtigen Voraussetzungen um mich auch als DJ f\u00fcr Tanzmusik zu etablieren. Daraufhin wurde daf\u00fcr &#8222;DJ-Dancer.at&#8220; und danach meine Firma &#8222;K\u00fcnstler-Agentur und -Management&#8220; gegr\u00fcndet.<\/p>\n<p>[\/vc_column_text][\/vc_column][\/vc_row][vc_row][vc_column][vc_column_text]<\/p>\n<p><a href=\"https:\/\/dj-dancer.at\/index.php\/impressum\">IMPRESSUM<\/a>[\/vc_column_text][\/vc_column][\/vc_row][vc_row][vc_column][vc_single_image image=&#8220;15143&#8243; img_size=&#8220;full&#8220;][\/vc_column][\/vc_row]<\/p>\n<\/div>","protected":false},"excerpt":{"rendered":"<p>[vc_row][vc_column][vc_column_text]Rono ALAM K\u00fcnstler-Agentur und -Management Adresse: Lechnerstrasse 1-5 A\u20131030 Wien Austria \/ \u00d6sterreich Mobil: 0650 255 98 91 E-Mail: info@partydancer.at \u00dcber mich: Ich wurde in Bangladesch geboren und kam 1992 nach Wien. Anfangs \u00fcbte ich meinen Beruf als Profi-Badminton-Spieler und &hellip; <a href=\"https:\/\/dj-dancer.at\/index.php\/kontakt\/\">Continue reading <span class=\"meta-nav\">&rarr;<\/span><\/a><\/p>\n","protected":false},"author":2,"featured_media":0,"parent":0,"menu_order":6,"comment_status":"closed","ping_status":"closed","template":"","meta":{"_monsterinsights_skip_tracking":false,"_monsterinsights_sitenote_active":false,"_monsterinsights_sitenote_note":"","_monsterinsights_sitenote_category":0,"footnotes":""},"class_list":["post-16","page","type-page","status-publish","hentry"],"_links":{"self":[{"href":"https:\/\/dj-dancer.at\/index.php\/wp-json\/wp\/v2\/pages\/16","targetHints":{"allow":["GET"]}}],"collection":[{"href":"https:\/\/dj-dancer.at\/index.php\/wp-json\/wp\/v2\/pages"}],"about":[{"href":"https:\/\/dj-dancer.at\/index.php\/wp-json\/wp\/v2\/types\/page"}],"author":[{"embeddable":true,"href":"https:\/\/dj-dancer.at\/index.php\/wp-json\/wp\/v2\/users\/2"}],"replies":[{"embeddable":true,"href":"https:\/\/dj-dancer.at\/index.php\/wp-json\/wp\/v2\/comments?post=16"}],"version-history":[{"count":15,"href":"https:\/\/dj-dancer.at\/index.php\/wp-json\/wp\/v2\/pages\/16\/revisions"}],"predecessor-version":[{"id":15144,"href":"https:\/\/dj-dancer.at\/index.php\/wp-json\/wp\/v2\/pages\/16\/revisions\/15144"}],"wp:attachment":[{"href":"https:\/\/dj-dancer.at\/index.php\/wp-json\/wp\/v2\/media?parent=16"}],"curies":[{"name":"wp","href":"https:\/\/api.w.org\/{rel}","templated":true}]}}