{"id":17,"date":"2013-02-20T03:48:12","date_gmt":"2013-02-20T01:48:12","guid":{"rendered":"http:\/\/partydancer.at\/wordpress\/?page_id=17"},"modified":"2022-04-19T17:10:20","modified_gmt":"2022-04-19T15:10:20","slug":"links","status":"publish","type":"page","link":"https:\/\/dj-dancer.at\/index.php\/links\/","title":{"rendered":"Links"},"content":{"rendered":"<div style=\"background-repeat: no-repeat;\"><p>[vc_row][vc_column width=&#8220;1\/4&#8243;][vc_column_text]<\/p>\n<p style=\"text-align: center;\"><span style=\"font-size: 10pt;\"><strong><span style=\"font-family: verdana, geneva, sans-serif;\"><span style=\"font-size: 12pt;\"><a href=\"https:\/\/ronostanzabend.at\"><img loading=\"lazy\" decoding=\"async\" class=\"aligncenter wp-image-14817 size-thumbnail\" src=\"https:\/\/dj-dancer.at\/wp-content\/uploads\/2019\/11\/Rono-Portrait-MSC2-150x137.jpg\" alt=\"\" width=\"150\" height=\"137\" srcset=\"https:\/\/dj-dancer.at\/wp-content\/uploads\/2019\/11\/Rono-Portrait-MSC2-150x137.jpg 150w, https:\/\/dj-dancer.at\/wp-content\/uploads\/2019\/11\/Rono-Portrait-MSC2-300x274.jpg 300w, https:\/\/dj-dancer.at\/wp-content\/uploads\/2019\/11\/Rono-Portrait-MSC2-768x703.jpg 768w, https:\/\/dj-dancer.at\/wp-content\/uploads\/2019\/11\/Rono-Portrait-MSC2-1024x937.jpg 1024w, https:\/\/dj-dancer.at\/wp-content\/uploads\/2019\/11\/Rono-Portrait-MSC2-328x300.jpg 328w, https:\/\/dj-dancer.at\/wp-content\/uploads\/2019\/11\/Rono-Portrait-MSC2.jpg 1138w\" sizes=\"auto, (max-width: 150px) 100vw, 150px\" \/><\/a><\/span><\/span><\/strong><\/span><a href=\"https:\/\/ronostanzabend.at\"><strong><span style=\"font-size: 12pt; font-family: verdana, geneva, sans-serif;\">RONO<\/span><\/strong><\/a><br \/>\n<strong>0650 255 98 91<\/strong><\/p>\n<p style=\"text-align: center;\"><span style=\"font-family: verdana, geneva, sans-serif;\">Tanzveranstaltungen, DJ, Dancer<\/span><br \/>\n<a href=\"https:\/\/ronostanzabend.at\" target=\"_blank\" rel=\"noopener noreferrer\"><img loading=\"lazy\" decoding=\"async\" class=\"aligncenter wp-image-14816 size-thumbnail\" src=\"https:\/\/dj-dancer.at\/wp-content\/uploads\/2019\/11\/RonoLogo2019KlNeu-2-150x61.jpg\" alt=\"\" width=\"150\" height=\"61\" srcset=\"https:\/\/dj-dancer.at\/wp-content\/uploads\/2019\/11\/RonoLogo2019KlNeu-2-150x61.jpg 150w, https:\/\/dj-dancer.at\/wp-content\/uploads\/2019\/11\/RonoLogo2019KlNeu-2.jpg 257w\" sizes=\"auto, (max-width: 150px) 100vw, 150px\" \/><\/a><\/p>\n<p>[\/vc_column_text][\/vc_column][vc_column width=&#8220;1\/4&#8243;][vc_column_text]<\/p>\n<p style=\"text-align: center;\"><a href=\"http:\/\/pollyssound.at\" target=\"_blank\" rel=\"noopener noreferrer\"><img loading=\"lazy\" decoding=\"async\" class=\"aligncenter wp-image-14343\" src=\"https:\/\/dj-dancer.at\/wp-content\/uploads\/2019\/01\/Polly2017-150x133.jpg\" alt=\"\" width=\"180\" height=\"160\" srcset=\"https:\/\/dj-dancer.at\/wp-content\/uploads\/2019\/01\/Polly2017-150x133.jpg 150w, https:\/\/dj-dancer.at\/wp-content\/uploads\/2019\/01\/Polly2017-300x267.jpg 300w, https:\/\/dj-dancer.at\/wp-content\/uploads\/2019\/01\/Polly2017-768x682.jpg 768w, https:\/\/dj-dancer.at\/wp-content\/uploads\/2019\/01\/Polly2017-1024x910.jpg 1024w, https:\/\/dj-dancer.at\/wp-content\/uploads\/2019\/01\/Polly2017-338x300.jpg 338w, https:\/\/dj-dancer.at\/wp-content\/uploads\/2019\/01\/Polly2017.jpg 1200w\" sizes=\"auto, (max-width: 180px) 100vw, 180px\" \/><\/a><a href=\"http:\/\/pollyssound.at\"><span style=\"font-size: 12pt;\"><strong><span style=\"font-family: verdana, geneva, sans-serif;\">Polly<\/span><\/strong><\/span><\/a><br \/>\nGesch\u00e4ftspartner<br \/>\n0664 303 34 78<br \/>\nPOLLYSSOUND<br \/>\n<span style=\"font-family: verdana, geneva, sans-serif;\">keyboard, Gesang, Komposition, Arrangement<\/span><br \/>\n<span style=\"font-family: verdana, geneva, sans-serif;\">TANZMUSIK<\/span><\/p>\n<p>[\/vc_column_text][\/vc_column][vc_column width=&#8220;1\/4&#8243;][vc_column_text]<\/p>\n<p style=\"text-align: center;\"><a href=\"http:\/\/harrybluemel.com\" target=\"_blank\" rel=\"noopener noreferrer\"><img loading=\"lazy\" decoding=\"async\" class=\"aligncenter wp-image-13121\" src=\"http:\/\/dj-dancer.at\/wp-content\/uploads\/2018\/04\/25659563_1823726397637757_7596459270321700882_n-1-150x150.jpg\" alt=\"\" width=\"115\" height=\"115\" srcset=\"https:\/\/dj-dancer.at\/wp-content\/uploads\/2018\/04\/25659563_1823726397637757_7596459270321700882_n-1-150x150.jpg 150w, https:\/\/dj-dancer.at\/wp-content\/uploads\/2018\/04\/25659563_1823726397637757_7596459270321700882_n-1-300x300.jpg 300w, https:\/\/dj-dancer.at\/wp-content\/uploads\/2018\/04\/25659563_1823726397637757_7596459270321700882_n-1-768x768.jpg 768w, https:\/\/dj-dancer.at\/wp-content\/uploads\/2018\/04\/25659563_1823726397637757_7596459270321700882_n-1.jpg 960w\" sizes=\"auto, (max-width: 115px) 100vw, 115px\" \/><\/a><a href=\"http:\/\/harrybluemel.com\"><span style=\"font-family: verdana, geneva, sans-serif; font-size: 12pt;\"><strong>Harry Bl\u00fcmel<\/strong> <\/span><\/a><br \/>\nGesch\u00e4ftspartner<br \/>\n<span style=\"font-family: verdana, geneva, sans-serif;\"><span style=\"font-size: 10pt;\">S\u00e4nger, Moderator, Texter, Tanzveranstaltungen<\/span><br \/>\n<\/span><\/p>\n<p>\u00a0[\/vc_column_text][\/vc_column][vc_column width=&#8220;1\/4&#8243;][vc_column_text]<\/p>\n<p style=\"text-align: center;\"><a href=\"http:\/\/tanztopshop.com\" target=\"_blank\" rel=\"noopener noreferrer\">\u00a0<img loading=\"lazy\" decoding=\"async\" class=\"aligncenter wp-image-14317 size-thumbnail\" src=\"https:\/\/dj-dancer.at\/wp-content\/uploads\/2019\/01\/010-150x78.jpg\" alt=\"\" width=\"150\" height=\"78\" srcset=\"https:\/\/dj-dancer.at\/wp-content\/uploads\/2019\/01\/010-150x78.jpg 150w, https:\/\/dj-dancer.at\/wp-content\/uploads\/2019\/01\/010-300x157.jpg 300w, https:\/\/dj-dancer.at\/wp-content\/uploads\/2019\/01\/010-500x262.jpg 500w, https:\/\/dj-dancer.at\/wp-content\/uploads\/2019\/01\/010.jpg 665w\" sizes=\"auto, (max-width: 150px) 100vw, 150px\" \/><\/a><\/p>\n<p>&nbsp;<\/p>\n<p style=\"text-align: center;\"><strong><span style=\"font-size: 12pt; color: #ff0000;\"><span style=\"font-family: verdana, geneva, sans-serif;\">3% Rabatt f\u00fcr<\/span><\/span><\/strong><br \/>\n<strong><span style=\"font-family: verdana, geneva, sans-serif; font-size: 12pt; color: #ff0000;\">CD-Club-Mitglieder<\/span><\/strong><\/p>\n<p>[\/vc_column_text][\/vc_column][\/vc_row][vc_row][vc_column][vc_separator color=&#8220;orange&#8220; style=&#8220;double&#8220; border_width=&#8220;5&#8243;][\/vc_column][\/vc_row][vc_row][vc_column width=&#8220;1\/4&#8243;][vc_column_text]<\/p>\n<p style=\"text-align: center;\"><a href=\"http:\/\/www.tsc-aktiv.at\/\" target=\"_blank\" rel=\"noopener noreferrer\"><img loading=\"lazy\" decoding=\"async\" src=\"http:\/\/dj-dancer.at\/wp-content\/uploads\/2016\/05\/Tsc-Aktiv.png\" alt=\"Tsc Aktiv\" width=\"81\" height=\"58\" \/><br \/>\n<\/a><\/p>\n<p style=\"text-align: center;\"><span style=\"font-size: 12pt; font-family: verdana, geneva, sans-serif;\">Tanzsportklub TSC Aktiv<\/span><\/p>\n<p>[\/vc_column_text][\/vc_column][vc_column width=&#8220;1\/4&#8243;][vc_column_text]<\/p>\n<p style=\"text-align: center;\"><a class=\"aligncenter\" href=\"http:\/\/www.tanzwien.com\" target=\"_blank\" rel=\"noopener noreferrer\"><img loading=\"lazy\" decoding=\"async\" class=\"aligncenter size-thumbnail wp-image-12914\" src=\"http:\/\/dj-dancer.at\/wp-content\/uploads\/2018\/03\/Screenshot-2018-3-4-TanzWien-com-Impressum-150x19.png\" alt=\"\" width=\"150\" height=\"19\" srcset=\"https:\/\/dj-dancer.at\/wp-content\/uploads\/2018\/03\/Screenshot-2018-3-4-TanzWien-com-Impressum-150x19.png 150w, https:\/\/dj-dancer.at\/wp-content\/uploads\/2018\/03\/Screenshot-2018-3-4-TanzWien-com-Impressum-300x38.png 300w, https:\/\/dj-dancer.at\/wp-content\/uploads\/2018\/03\/Screenshot-2018-3-4-TanzWien-com-Impressum-500x63.png 500w, https:\/\/dj-dancer.at\/wp-content\/uploads\/2018\/03\/Screenshot-2018-3-4-TanzWien-com-Impressum.png 522w\" sizes=\"auto, (max-width: 150px) 100vw, 150px\" \/><\/a><\/p>\n<p style=\"text-align: center;\"><span style=\"font-family: verdana, geneva, sans-serif;\"><span style=\"font-size: 12pt;\">Tanzen in und um Wien<\/span><\/span><\/p>\n<p>[\/vc_column_text][\/vc_column][vc_column width=&#8220;1\/4&#8243;][vc_column_text]<\/p>\n<p style=\"text-align: center;\"><a href=\"http:\/\/www.tanz.or.at\/\" target=\"_blank\" rel=\"noopener noreferrer\"><img loading=\"lazy\" decoding=\"async\" class=\"alignnone size-full wp-image-1231 aligncenter\" src=\"http:\/\/dj-dancer.at\/wp-content\/uploads\/2013\/07\/danceserver1.gif\" alt=\"danceserver\" width=\"81\" height=\"58\" \/><\/a><br \/>\n<span style=\"font-size: 11px;\">Tipps und Infos zum Tanzen<\/span><\/p>\n<p>[\/vc_column_text][\/vc_column][vc_column width=&#8220;1\/4&#8243;][vc_column_text]<\/p>\n<p style=\"text-align: center;\"><a href=\"http:\/\/www.tanzsportverband.at\/\" target=\"_blank\" rel=\"noopener noreferrer\"><img loading=\"lazy\" decoding=\"async\" class=\"alignnone size-full wp-image-1227\" src=\"http:\/\/dj-dancer.at\/wp-content\/uploads\/2013\/07\/OetsvNeu1.jpg\" alt=\"OetsvNeu\" width=\"103\" height=\"58\" \/><\/a><br \/>\n<span style=\"font-size: 11px;\">\u00a0\u00d6sterr. Tanzsportverband<\/span><\/p>\n<p>[\/vc_column_text][\/vc_column][\/vc_row][vc_row][vc_column][vc_separator color=&#8220;orange&#8220; style=&#8220;double&#8220; border_width=&#8220;5&#8243;][\/vc_column][\/vc_row][vc_row][vc_column width=&#8220;1\/4&#8243;][vc_column_text]<\/p>\n<p style=\"text-align: center;\"><a href=\"http:\/\/www.tanzpartner.at\/\" target=\"_blank\" rel=\"noopener noreferrer\"><img loading=\"lazy\" decoding=\"async\" class=\"alignnone size-full wp-image-1241\" src=\"http:\/\/dj-dancer.at\/wp-content\/uploads\/2013\/07\/Tanzpartnerboerse1.png\" alt=\"Tanzpartnerboerse\" width=\"81\" height=\"58\" \/><\/a><br \/>\n<span style=\"font-size: 11px;\">Tanzpartnerb\u00f6rse<\/span><\/p>\n<p>[\/vc_column_text][\/vc_column][vc_column width=&#8220;1\/4&#8243;][vc_column_text]<\/p>\n<p style=\"text-align: center;\"><a href=\"http:\/\/fives.at\" target=\"_blank\" rel=\"noopener noreferrer\"><img loading=\"lazy\" decoding=\"async\" class=\"alignnone size-full wp-image-2026 aligncenter\" src=\"http:\/\/dj-dancer.at\/wp-content\/uploads\/2014\/07\/Logo_The_Fives_120x111-Kopie1.jpg\" alt=\"Logo_The_Fives_120x111 Kopie\" width=\"63\" height=\"58\" \/><\/a><br \/>\n<span style=\"font-size: 11px;\">THE FIVES &#8211; Boogie &amp; Swing Tanzsport<\/span><\/p>\n<p>[\/vc_column_text][\/vc_column][vc_column width=&#8220;1\/4&#8243;][vc_column_text]<\/p>\n<p style=\"text-align: center;\"><a href=\"http:\/\/boogie.at\" target=\"_blank\" rel=\"noopener noreferrer\"><img loading=\"lazy\" decoding=\"async\" class=\"alignnone size-full wp-image-2025 aligncenter\" src=\"http:\/\/dj-dancer.at\/wp-content\/uploads\/2014\/07\/boogie_at_logo_120x541.png\" alt=\"boogie_at_logo_120x54\" width=\"129\" height=\"58\" \/><\/a><br \/>\n<span style=\"font-size: 11px;\">Boogie, Swing &amp; Rock&#8217;n&#8217;Roll<\/span><\/p>\n<p>[\/vc_column_text][\/vc_column][vc_column width=&#8220;1\/4&#8243;][vc_column_text]<\/p>\n<p style=\"text-align: center;\"><a href=\"http:\/\/www.dance-design.at\" target=\"_blank\" rel=\"noopener noreferrer\"><img loading=\"lazy\" decoding=\"async\" class=\"alignnone wp-image-1233 size-full\" src=\"https:\/\/dj-dancer.at\/wp-content\/uploads\/2013\/07\/GrafDesign1.jpg\" alt=\"Graf&amp;Design\" width=\"81\" height=\"58\" \/><\/a><br \/>\n<span style=\"font-size: 11px;\">Dance &amp; Design<\/span><\/p>\n<p>[\/vc_column_text][\/vc_column][\/vc_row][vc_row][vc_column][vc_separator color=&#8220;orange&#8220; style=&#8220;double&#8220; border_width=&#8220;5&#8243;][\/vc_column][\/vc_row][vc_row][vc_column width=&#8220;1\/4&#8243;][vc_column_text]<\/p>\n<p style=\"text-align: center;\"><a href=\"http:\/\/www.el-kahira.at\/\" target=\"_blank\" rel=\"noopener noreferrer\"><img loading=\"lazy\" decoding=\"async\" class=\"alignnone size-full wp-image-1239\" src=\"http:\/\/dj-dancer.at\/wp-content\/uploads\/2013\/07\/orandrgb1.jpg\" alt=\"orandrgb\" width=\"81\" height=\"58\" \/><\/a><br \/>\n<span style=\"font-size: 11px;\">Bauchtanzgruppe<\/span><\/p>\n<p>[\/vc_column_text][\/vc_column][vc_column width=&#8220;1\/4&#8243;][vc_column_text]<\/p>\n<p style=\"text-align: center;\"><a style=\"line-height: 1.6;\" href=\"http:\/\/www.centroflamenco.at\/index.html\/\" target=\"_blank\" rel=\"noopener noreferrer\"><img loading=\"lazy\" decoding=\"async\" class=\"alignnone size-full wp-image-1243 aligncenter\" src=\"http:\/\/dj-dancer.at\/wp-content\/uploads\/2013\/07\/CentroFlamenco1.jpg\" alt=\"CentroFlamenco\" width=\"81\" height=\"58\" \/><\/a><br \/>\n<span style=\"font-size: 11px;\">Centro Flamenco <\/span><\/p>\n<p>[\/vc_column_text][\/vc_column][vc_column width=&#8220;1\/4&#8243;][vc_column_text]<\/p>\n<p style=\"text-align: center;\"><a href=\"http:\/\/www.mahasin.at\/\" target=\"_blank\" rel=\"noopener noreferrer\"><img loading=\"lazy\" decoding=\"async\" class=\"alignnone size-full wp-image-1237\" src=\"http:\/\/dj-dancer.at\/wp-content\/uploads\/2013\/07\/Mahasin1.jpg\" alt=\"Mahasin\" width=\"81\" height=\"58\" \/><\/a><br \/>\n<span style=\"font-size: 11px;\">Mahasin,Bellydance and Bollywood<\/span><\/p>\n<p>[\/vc_column_text][\/vc_column][vc_column width=&#8220;1\/4&#8243;][vc_column_text]<\/p>\n<p style=\"text-align: center;\"><a href=\"http:\/\/www.24sound.at\/\" target=\"_blank\" rel=\"noopener noreferrer\"><img loading=\"lazy\" decoding=\"async\" class=\"alignnone size-full wp-image-1844\" src=\"http:\/\/dj-dancer.at\/wp-content\/uploads\/2014\/02\/24Sound1.jpg\" alt=\"24Sound\" width=\"160\" height=\"58\" \/><\/a><br \/>\n<span style=\"font-size: 11px;\">24Sound e.U. Veranstaltungstechnik<\/span><\/p>\n<p>[\/vc_column_text][\/vc_column][\/vc_row][vc_row][vc_column][vc_separator color=&#8220;orange&#8220; style=&#8220;double&#8220; border_width=&#8220;5&#8243;][\/vc_column][\/vc_row][vc_row][vc_column width=&#8220;1\/4&#8243;][vc_column_text]<\/p>\n<p style=\"text-align: center;\"><a href=\"https:\/\/cd-tanzabend.at\" target=\"_blank\" rel=\"noopener noreferrer\"><img loading=\"lazy\" decoding=\"async\" class=\"aligncenter wp-image-12630 size-thumbnail\" src=\"https:\/\/dj-dancer.at\/wp-content\/uploads\/2017\/12\/RonosCDTanzabend-150x61.jpg\" alt=\"\" width=\"150\" height=\"61\" srcset=\"https:\/\/dj-dancer.at\/wp-content\/uploads\/2017\/12\/RonosCDTanzabend-150x61.jpg 150w, https:\/\/dj-dancer.at\/wp-content\/uploads\/2017\/12\/RonosCDTanzabend-300x122.jpg 300w, https:\/\/dj-dancer.at\/wp-content\/uploads\/2017\/12\/RonosCDTanzabend-500x204.jpg 500w, https:\/\/dj-dancer.at\/wp-content\/uploads\/2017\/12\/RonosCDTanzabend.jpg 649w\" sizes=\"auto, (max-width: 150px) 100vw, 150px\" \/><\/a><br \/>\n<strong><span style=\"font-size: 12pt;\">CD-Tanzabend<\/span><\/strong><\/p>\n<p>[\/vc_column_text][\/vc_column][vc_column width=&#8220;1\/4&#8243;][vc_column_text]<\/p>\n<p style=\"text-align: center;\"><a href=\"http:\/\/www.dancestars.at\/\" target=\"_blank\" rel=\"noopener noreferrer\"><img loading=\"lazy\" decoding=\"async\" class=\"alignnone size-full wp-image-1232\" src=\"http:\/\/dj-dancer.at\/wp-content\/uploads\/2013\/07\/dancestars1.png\" alt=\"dancestars\" width=\"81\" height=\"58\" \/><br \/>\n<\/a>Dancestars<\/p>\n<p>[\/vc_column_text][\/vc_column][vc_column width=&#8220;1\/4&#8243;][\/vc_column][\/vc_row]<\/p>\n<\/div>","protected":false},"excerpt":{"rendered":"<p>[vc_row][vc_column width=&#8220;1\/4&#8243;][vc_column_text] RONO 0650 255 98 91 Tanzveranstaltungen, DJ, Dancer [\/vc_column_text][\/vc_column][vc_column width=&#8220;1\/4&#8243;][vc_column_text] Polly Gesch\u00e4ftspartner 0664 303 34 78 POLLYSSOUND keyboard, Gesang, Komposition, Arrangement TANZMUSIK [\/vc_column_text][\/vc_column][vc_column width=&#8220;1\/4&#8243;][vc_column_text] Harry Bl\u00fcmel Gesch\u00e4ftspartner S\u00e4nger, Moderator, Texter, Tanzveranstaltungen \u00a0[\/vc_column_text][\/vc_column][vc_column width=&#8220;1\/4&#8243;][vc_column_text] \u00a0 &nbsp; 3% Rabatt f\u00fcr &hellip; <a href=\"https:\/\/dj-dancer.at\/index.php\/links\/\">Continue reading <span class=\"meta-nav\">&rarr;<\/span><\/a><\/p>\n","protected":false},"author":2,"featured_media":0,"parent":0,"menu_order":7,"comment_status":"closed","ping_status":"closed","template":"","meta":{"_monsterinsights_skip_tracking":false,"_monsterinsights_sitenote_active":false,"_monsterinsights_sitenote_note":"","_monsterinsights_sitenote_category":0,"footnotes":""},"class_list":["post-17","page","type-page","status-publish","hentry"],"_links":{"self":[{"href":"https:\/\/dj-dancer.at\/index.php\/wp-json\/wp\/v2\/pages\/17","targetHints":{"allow":["GET"]}}],"collection":[{"href":"https:\/\/dj-dancer.at\/index.php\/wp-json\/wp\/v2\/pages"}],"about":[{"href":"https:\/\/dj-dancer.at\/index.php\/wp-json\/wp\/v2\/types\/page"}],"author":[{"embeddable":true,"href":"https:\/\/dj-dancer.at\/index.php\/wp-json\/wp\/v2\/users\/2"}],"replies":[{"embeddable":true,"href":"https:\/\/dj-dancer.at\/index.php\/wp-json\/wp\/v2\/comments?post=17"}],"version-history":[{"count":69,"href":"https:\/\/dj-dancer.at\/index.php\/wp-json\/wp\/v2\/pages\/17\/revisions"}],"predecessor-version":[{"id":16056,"href":"https:\/\/dj-dancer.at\/index.php\/wp-json\/wp\/v2\/pages\/17\/revisions\/16056"}],"wp:attachment":[{"href":"https:\/\/dj-dancer.at\/index.php\/wp-json\/wp\/v2\/media?parent=17"}],"curies":[{"name":"wp","href":"https:\/\/api.w.org\/{rel}","templated":true}]}}