{"id":177,"date":"2013-02-24T15:07:32","date_gmt":"2013-02-24T13:07:32","guid":{"rendered":"http:\/\/partydancer.at\/wordpress\/?page_id=177"},"modified":"2021-01-26T15:04:21","modified_gmt":"2021-01-26T14:04:21","slug":"dj","status":"publish","type":"page","link":"https:\/\/dj-dancer.at\/index.php\/dj\/","title":{"rendered":"DJ"},"content":{"rendered":"<div style=\"background-repeat: no-repeat;\"><p>[vc_row][vc_column][vc_column_text]Meine umfangreiche Musikpalette ist durch meine <strong>langj\u00e4hrige Erfahrung als DJ<\/strong><br \/>\nund mein Gef\u00fchl f\u00fcr eine tolle Stimmung passend f\u00fcr jeden Anlass:<\/p>\n<p><a title=\"\" href=\"http:\/\/dj-dancer.at\/wp-content\/uploads\/2013\/09\/dj-ron1.jpg\"><img loading=\"lazy\" decoding=\"async\" class=\"alignleft wp-image-1476 size-medium\" src=\"https:\/\/dj-dancer.at\/wp-content\/uploads\/2013\/09\/dj-ron1-300x184.jpg\" alt=\"dj rono\" width=\"300\" height=\"184\" srcset=\"https:\/\/dj-dancer.at\/wp-content\/uploads\/2013\/09\/dj-ron1-300x184.jpg 300w, https:\/\/dj-dancer.at\/wp-content\/uploads\/2013\/09\/dj-ron1-150x92.jpg 150w, https:\/\/dj-dancer.at\/wp-content\/uploads\/2013\/09\/dj-ron1.jpg 390w\" sizes=\"auto, (max-width: 300px) 100vw, 300px\" \/><\/a>&#8211; B\u00e4lle<br \/>\n&#8211; Firmenfeiern<br \/>\n&#8211; Hochzeiten<br \/>\n&#8211; Geburtstagspartys<br \/>\n&#8211; Schlager-Partys<br \/>\n&#8211; Disco<br \/>\n&#8211; Oldie-Nacht<br \/>\n&#8211; Tanzevents<br \/>\n&#8211; Karaoke-Abende<br \/>\n&#8211; Live-Musik<\/p>\n<p>Gerne gehe ich auf <strong>individuelle Musikw\u00fcnsche<\/strong> ein, wie bei einem Themenabend<br \/>\n(z. B.: Boogie-Abend, Latino \u2013Abend). Dabei spiele ich f\u00fcr Sie aus meiner reichhaltigen Musikauswahl ausschlie\u00dflich die f\u00fcr das jeweilige Thema passende Musik.<\/p>\n<p><em><strong>Meine Erfahrungen als DJ:<\/strong><\/em><br \/>\n<em>als offizieller DJ l\u00e4ngerfristig im Volksgarten, Hotel Hillinger, Dancing P\u00d6, Veranstaltung Dancing just for fun<\/em><br \/>\n<em>fallweise bei Komm&amp;Tanz, Piper&#8217;s Ballroom, Tanzpalais Highlight<\/em><br \/>\n<em>viele B\u00e4lle, Donauschiff-Fahrten, Kreuzfahrt-Schiffe im Mittelmeer und USA\/Kanada<\/em><br \/>\n<em>\u00d6sterreichische Tanzsport-Meisterschaften<\/em><br \/>\n<em>Privatfeste &#8211; Geburtstage, Hochzeiten etc.;<\/em><br \/>\n<em>laufend seit 2007 Wiener Pensionistenwohnh\u00e4user und Pensionistenclubs.<\/em><\/p>\n<p>Wir bringen das gesamte Equipment f\u00fcr hochqualitativen Sound und Licht mit.<\/p>\n<p>Zur Erinnerung an Ihr unvergessliches Fest machen wir gerne auch Fotos oder Videos. Diese k\u00f6nnen, falls Sie m\u00f6chten, auf unserer Homepage betrachtet und auch heruntergeladen werden.<\/p>\n<p><strong>F\u00fcr einen bestimmten Wunschtermin empfehlen wir Ihnen rechtzeitig, ca. 1 Monat im Voraus, zu buchen! Stornierung mindestens 2 Tage vor geplantem Termin.<\/strong>\u00a0\u00a0\u00a0\u00a0\u00a0\u00a0\u00a0\u00a0\u00a0\u00a0\u00a0\u00a0\u00a0\u00a0\u00a0\u00a0\u00a0\u00a0\u00a0\u00a0\u00a0\u00a0\u00a0\u00a0\u00a0\u00a0\u00a0\u00a0\u00a0\u00a0\u00a0\u00a0\u00a0\u00a0\u00a0\u00a0\u00a0\u00a0\u00a0\u00a0\u00a0\u00a0\u00a0 <img loading=\"lazy\" decoding=\"async\" class=\"size-full wp-image-964 alignright\" title=\"\" src=\"http:\/\/dj-dancer.at\/wp-content\/uploads\/2013\/06\/Kopfhoerer-logoklein1.jpg\" alt=\"Kopfhoerer logoklein\" width=\"100\" height=\"77\" \/><\/p>\n<p>Preise: DJ ab \u20ac 80,- pro Stunde, plus Getr\u00e4nk. Wien und Umgebung keine Anreisekosten, bei weiterer Entfernung Kilometergeld.<\/p>\n<p style=\"text-align: center;\"><strong>Rono Alam\u00a0\u00a0 K\u00fcnstler-Agentur und -Management<\/strong><\/p>\n<p>[\/vc_column_text][vc_row_inner][vc_column_inner][vc_column_text]<\/p>\n<p style=\"text-align: center;\"><span style=\"color: #990000;\"><strong>Unsere DJ&#8217;s und S\u00e4ngerInnen:<\/strong><\/span><\/p>\n<p>[\/vc_column_text][\/vc_column_inner][\/vc_row_inner][\/vc_column][\/vc_row][vc_row][vc_column width=&#8220;1\/3&#8243;][vc_single_image image=&#8220;1393&#8243; img_size=&#8220;230&#215;259&#8243; alignment=&#8220;center&#8220;][vc_column_text]<\/p>\n<p style=\"text-align: center;\">DJ Rono<\/p>\n<p>[\/vc_column_text][\/vc_column][vc_column width=&#8220;1\/3&#8243;][vc_single_image image=&#8220;14194&#8243; alignment=&#8220;center&#8220;][vc_column_text]<\/p>\n<p style=\"text-align: center;\">DJ Roland<\/p>\n<p>[\/vc_column_text][\/vc_column][vc_column width=&#8220;1\/3&#8243;][vc_single_image image=&#8220;1395&#8243; img_size=&#8220;220&#215;239&#8243; alignment=&#8220;center&#8220;][vc_column_text]<\/p>\n<p style=\"text-align: center;\">DJ Manuel<\/p>\n<p>[\/vc_column_text][\/vc_column][\/vc_row][vc_row][vc_column width=&#8220;1\/3&#8243;][vc_single_image image=&#8220;13937&#8243; alignment=&#8220;center&#8220;][vc_column_text]<\/p>\n<p style=\"text-align: center;\">DJ Joe + Lichttechnik<\/p>\n<p>[\/vc_column_text][\/vc_column][vc_column width=&#8220;1\/3&#8243;][vc_column_text][\/vc_column_text][\/vc_column][vc_column width=&#8220;1\/3&#8243;][vc_column_text][\/vc_column_text][\/vc_column][\/vc_row][vc_row][vc_column width=&#8220;1\/3&#8243;][vc_single_image image=&#8220;14343&#8243; img_size=&#8220;150&#215;150&#8243; alignment=&#8220;center&#8220;][vc_column_text]<\/p>\n<p style=\"text-align: center;\">POLLYSSOUND<br \/>\nKeyboard und Gesang<\/p>\n<p>[\/vc_column_text][\/vc_column][vc_column width=&#8220;1\/3&#8243;][vc_single_image image=&#8220;13121&#8243; img_size=&#8220;150&#215;150&#8243; alignment=&#8220;center&#8220;][vc_column_text]<\/p>\n<p style=\"text-align: center;\">S\u00e4nger und Moderator<br \/>\nHarry Bl\u00fcmel<\/p>\n<p>[\/vc_column_text][\/vc_column][vc_column width=&#8220;1\/3&#8243;][vc_single_image image=&#8220;13891&#8243; alignment=&#8220;center&#8220;][vc_column_text]<\/p>\n<p style=\"text-align: center;\">S\u00e4ngerin und Moderatorin<br \/>\nNatascha<\/p>\n<p>[\/vc_column_text][\/vc_column][\/vc_row][vc_row][vc_column width=&#8220;1\/3&#8243;][vc_single_image image=&#8220;13893&#8243; img_size=&#8220;130&#215;154&#8243; alignment=&#8220;center&#8220;][vc_column_text]<\/p>\n<p style=\"text-align: center;\">S\u00e4nger und Komponist<br \/>\nPeter Bruckner<\/p>\n<p>[\/vc_column_text][\/vc_column][vc_column width=&#8220;1\/3&#8243;][vc_column_text][\/vc_column_text][\/vc_column][\/vc_row][vc_row][vc_column][vc_column_text]<\/p>\n<p style=\"text-align: center;\"><span style=\"color: #ff0000;\"><strong><span style=\"font-size: 14pt;\">Partydancer und DJ-Dancer : was wir bieten<\/span><\/strong><\/span><\/p>\n<p><iframe loading=\"lazy\" src=\"https:\/\/www.youtube.com\/embed\/dnEyFSul6ec?rel=0&amp;showinfo=0\" width=\"640\" height=\"360\" frameborder=\"0\" allowfullscreen=\"allowfullscreen\"><\/iframe>[\/vc_column_text][\/vc_column][\/vc_row]<\/p>\n<\/div>","protected":false},"excerpt":{"rendered":"<p>[vc_row][vc_column][vc_column_text]Meine umfangreiche Musikpalette ist durch meine langj\u00e4hrige Erfahrung als DJ und mein Gef\u00fchl f\u00fcr eine tolle Stimmung passend f\u00fcr jeden Anlass: &#8211; B\u00e4lle &#8211; Firmenfeiern &#8211; Hochzeiten &#8211; Geburtstagspartys &#8211; Schlager-Partys &#8211; Disco &#8211; Oldie-Nacht &#8211; Tanzevents &#8211; Karaoke-Abende &#8211; &hellip; <a href=\"https:\/\/dj-dancer.at\/index.php\/dj\/\">Continue reading <span class=\"meta-nav\">&rarr;<\/span><\/a><\/p>\n","protected":false},"author":2,"featured_media":0,"parent":0,"menu_order":1,"comment_status":"closed","ping_status":"closed","template":"","meta":{"_monsterinsights_skip_tracking":false,"_monsterinsights_sitenote_active":false,"_monsterinsights_sitenote_note":"","_monsterinsights_sitenote_category":0,"footnotes":""},"class_list":["post-177","page","type-page","status-publish","hentry"],"_links":{"self":[{"href":"https:\/\/dj-dancer.at\/index.php\/wp-json\/wp\/v2\/pages\/177","targetHints":{"allow":["GET"]}}],"collection":[{"href":"https:\/\/dj-dancer.at\/index.php\/wp-json\/wp\/v2\/pages"}],"about":[{"href":"https:\/\/dj-dancer.at\/index.php\/wp-json\/wp\/v2\/types\/page"}],"author":[{"embeddable":true,"href":"https:\/\/dj-dancer.at\/index.php\/wp-json\/wp\/v2\/users\/2"}],"replies":[{"embeddable":true,"href":"https:\/\/dj-dancer.at\/index.php\/wp-json\/wp\/v2\/comments?post=177"}],"version-history":[{"count":59,"href":"https:\/\/dj-dancer.at\/index.php\/wp-json\/wp\/v2\/pages\/177\/revisions"}],"predecessor-version":[{"id":15325,"href":"https:\/\/dj-dancer.at\/index.php\/wp-json\/wp\/v2\/pages\/177\/revisions\/15325"}],"wp:attachment":[{"href":"https:\/\/dj-dancer.at\/index.php\/wp-json\/wp\/v2\/media?parent=177"}],"curies":[{"name":"wp","href":"https:\/\/api.w.org\/{rel}","templated":true}]}}