{"id":207,"date":"2013-02-24T15:31:44","date_gmt":"2013-02-24T13:31:44","guid":{"rendered":"http:\/\/partydancer.at\/wordpress\/?page_id=207"},"modified":"2026-01-07T22:07:30","modified_gmt":"2026-01-07T21:07:30","slug":"tanzbegleitung","status":"publish","type":"page","link":"https:\/\/dj-dancer.at\/index.php\/tanzbegleitung\/","title":{"rendered":"Tanzbegleitung-Partydancer"},"content":{"rendered":"<div style=\"background-repeat: no-repeat;\"><p>[vc_row 0=&#8220;&#8220;][vc_column 0=&#8220;&#8220;][vc_column_text 0=&#8220;&#8220;]<\/p>\n<p style=\"text-align: center;\"><a href=\"http:\/\/dj-dancer.at\/wp-content\/uploads\/2014\/01\/Philharmonikerball2.jpg\">\u00a0<img loading=\"lazy\" decoding=\"async\" class=\"alignnone size-full wp-image-1810\" src=\"http:\/\/dj-dancer.at\/wp-content\/uploads\/2014\/01\/Philharmonikerball2.jpg\" alt=\"Philharmonikerball\" width=\"900\" height=\"600\" srcset=\"https:\/\/dj-dancer.at\/wp-content\/uploads\/2014\/01\/Philharmonikerball2.jpg 900w, https:\/\/dj-dancer.at\/wp-content\/uploads\/2014\/01\/Philharmonikerball2-150x100.jpg 150w, https:\/\/dj-dancer.at\/wp-content\/uploads\/2014\/01\/Philharmonikerball2-300x200.jpg 300w, https:\/\/dj-dancer.at\/wp-content\/uploads\/2014\/01\/Philharmonikerball2-450x300.jpg 450w\" sizes=\"auto, (max-width: 900px) 100vw, 900px\" \/><\/a><span style=\"font-family: verdana, geneva, sans-serif; font-size: 14pt;\"><strong>Rono Alam\u00a0 \u00a0\u00a0 K\u00fcnstler-Agentur und -Management<\/strong><\/span><\/p>\n<p style=\"text-align: center;\"><span style=\"color: #ff0000;\"><strong><span style=\"font-size: 14pt; font-family: verdana, geneva, sans-serif;\">Gerne helfe ich Ihnen auch bei Haltung und Technik<\/span><\/strong><\/span><\/p>\n<p style=\"text-align: center;\"><span style=\"font-size: 14pt; font-family: verdana, geneva, sans-serif;\"><strong><em>Meine Erfahrungen als T\u00e4nzer:<\/em><\/strong><\/span><br \/>\n<span style=\"font-size: 12pt; font-family: verdana, geneva, sans-serif;\"><em><strong>Gesellschaftstanz<\/strong>: alle Stufen bis Goldstar in der Tanzschule.<\/em><\/span><br \/>\n<span style=\"font-size: 12pt; font-family: verdana, geneva, sans-serif;\"><em><strong>Tanzsport<\/strong>: <strong><span style=\"color: #ff0000;\">Gewinner aller Klassen<\/span>, von Anfang bis S-Klasse <\/strong>(2004 bis 2017).<br \/>\n<\/em><\/span><span style=\"font-size: 12pt; font-family: verdana, geneva, sans-serif;\"><em><span style=\"color: #ff0000;\"><strong>&#8222;Goldene Nadel&#8220;<\/strong><\/span> <strong>des \u00f6sterreichischen Tanzsportverbandes<\/strong> f\u00fcr<strong><span style=\"color: #ff0000;\"> \u00fcber<\/span><span style=\"color: #ff0000;\"> 50mal<\/span><\/strong> 1. bis 3. Platz im Turniertanz in \u00d6sterreich und im Ausland.<\/em><\/span><br \/>\n<em><span style=\"font-size: 12pt; font-family: verdana, geneva, sans-serif;\">Auch Gewinner von internationalen Tanzturnieren.<\/span><\/em><br \/>\n<span style=\"font-size: 12pt; font-family: verdana, geneva, sans-serif;\"><em>\u00a0Regelm\u00e4\u00dfige Fortbildung in allen Gesellschaftst\u00e4nze.<\/em><\/span><\/p>\n<p><span style=\"font-size: 12pt;\">Meine T\u00e4nzer sind gepr\u00e4gt durch <strong>jahrelange Ausbildung<\/strong> und die Begeisterung f\u00fcr das Tanzen, beherrschen alle <strong>Standard-\/Lateint\u00e4nze<\/strong> und weitere Spezialt\u00e4nze wie <strong>Tango Argentino, Salsa, Mambo, Bachata, Merengue<\/strong> etc. Ihr gepflegtes, freundliches, h\u00f6fliches und geduldiges Auftreten sowie ihre Erfahrung als Original <span style=\"color: #00ff00;\"><strong>Partydancer<\/strong><\/span> machen Ihren Ball, Ihr privates Fest und andere Tanzveranstaltungen, bei denen wir mit Ihnen tanzen, zu einem besonderen Erlebnis.<\/span><br \/>\n<span style=\"font-size: 12pt; color: #ff0000;\">Durch unsere gute Tanz-F\u00fchrung brauchen Sie keine Vorkenntnisse. Wir bringen jede tanzfreudige Dame in Schwung!<\/span><\/p>\n<p style=\"text-align: center;\"><strong>F\u00fcr einen bestimmten Wunschtermin empfehlen wir Ihnen rechtzeitig, mindestens ca. 1 Monat im Voraus, zu buchen! <\/strong>Stornierung mindestens 2 Tage vor geplantem Termin.<\/p>\n<p style=\"text-align: center;\">Preise: T\u00e4nzer ab \u20ac 40,- pro Stunde, Mindestbuchung 3 Stunden, plus Eintrittskarte und Getr\u00e4nk f\u00fcr T\u00e4nzer.<br \/>\nWien und Umgebung keine Anreisekosten, bei weiterer Entfernung Kilometergeld.<\/p>\n<p style=\"text-align: center;\"><span style=\"color: #990000; font-size: 12pt;\"><strong>Unsere Partydancer-Taxit\u00e4nzer:<\/strong><\/span><\/p>\n<p><a href=\"http:\/\/dj-dancer.at\/wp-content\/uploads\/2018\/03\/IMG_1839.jpg\"><img loading=\"lazy\" decoding=\"async\" class=\"aligncenter wp-image-12924 size-large\" src=\"http:\/\/dj-dancer.at\/wp-content\/uploads\/2018\/03\/IMG_1839-1024x683.jpg\" alt=\"\" width=\"584\" height=\"390\" srcset=\"https:\/\/dj-dancer.at\/wp-content\/uploads\/2018\/03\/IMG_1839-1024x683.jpg 1024w, https:\/\/dj-dancer.at\/wp-content\/uploads\/2018\/03\/IMG_1839-150x100.jpg 150w, https:\/\/dj-dancer.at\/wp-content\/uploads\/2018\/03\/IMG_1839-300x200.jpg 300w, https:\/\/dj-dancer.at\/wp-content\/uploads\/2018\/03\/IMG_1839-768x512.jpg 768w, https:\/\/dj-dancer.at\/wp-content\/uploads\/2018\/03\/IMG_1839-450x300.jpg 450w\" sizes=\"auto, (max-width: 584px) 100vw, 584px\" \/><\/a><br \/>\n<a href=\"https:\/\/dj-dancer.at\/wp-content\/uploads\/2019\/06\/K1024_IMG_7259-1024x683.jpg\"><img loading=\"lazy\" decoding=\"async\" class=\"aligncenter wp-image-14669 size-full\" src=\"https:\/\/dj-dancer.at\/wp-content\/uploads\/2019\/06\/K1024_IMG_7259-1024x683.jpg\" alt=\"\" width=\"1024\" height=\"683\" srcset=\"https:\/\/dj-dancer.at\/wp-content\/uploads\/2019\/06\/K1024_IMG_7259-1024x683.jpg 1024w, https:\/\/dj-dancer.at\/wp-content\/uploads\/2019\/06\/K1024_IMG_7259-1024x683-150x100.jpg 150w, https:\/\/dj-dancer.at\/wp-content\/uploads\/2019\/06\/K1024_IMG_7259-1024x683-300x200.jpg 300w, https:\/\/dj-dancer.at\/wp-content\/uploads\/2019\/06\/K1024_IMG_7259-1024x683-768x512.jpg 768w, https:\/\/dj-dancer.at\/wp-content\/uploads\/2019\/06\/K1024_IMG_7259-1024x683-450x300.jpg 450w\" sizes=\"auto, (max-width: 1024px) 100vw, 1024px\" \/><\/a>[\/vc_column_text][vc_row_inner 0=&#8220;&#8220;][vc_column_inner width=&#8220;1\/3&#8243;][vc_single_image image=&#8220;12903&#8243; alignment=&#8220;center&#8220; css=&#8220;.vc_custom_1537772941700{padding-bottom: -10px !important;}&#8220;][vc_column_text css=&#8220;.vc_custom_1499387149510{margin-top: -20px !important;}&#8220;]<\/p>\n<p style=\"text-align: center;\">Rono<\/p>\n<p>[\/vc_column_text][\/vc_column_inner][vc_column_inner width=&#8220;1\/3&#8243;][vc_single_image image=&#8220;1303&#8243; alignment=&#8220;center&#8220;][vc_column_text css=&#8220;.vc_custom_1499387240241{margin-top: -20px !important;}&#8220;]<\/p>\n<p style=\"text-align: center;\">Alexander<\/p>\n<p>[\/vc_column_text][\/vc_column_inner][vc_column_inner width=&#8220;1\/3&#8243;][vc_single_image image=&#8220;10085&#8243; alignment=&#8220;center&#8220;][vc_column_text css=&#8220;.vc_custom_1499387246501{margin-top: -20px !important;}&#8220;]<\/p>\n<p style=\"text-align: center;\">Philipp<\/p>\n<p>[\/vc_column_text][\/vc_column_inner][\/vc_row_inner][vc_row_inner css=&#8220;.vc_custom_1499387185967{margin-top: -20px !important;}&#8220;][vc_column_inner width=&#8220;1\/3&#8243; css=&#8220;.vc_custom_1499387158608{margin-top: -20px !important;}&#8220;][vc_single_image image=&#8220;12905&#8243; alignment=&#8220;center&#8220;][vc_column_text css=&#8220;.vc_custom_1499387216419{margin-top: -20px !important;}&#8220;]<\/p>\n<p style=\"text-align: center;\">Roland<\/p>\n<p>[\/vc_column_text][\/vc_column_inner][vc_column_inner width=&#8220;1\/3&#8243; css=&#8220;.vc_custom_1499387207763{margin-top: -20px !important;}&#8220;][vc_single_image image=&#8220;12901&#8243; alignment=&#8220;center&#8220;][vc_column_text css=&#8220;.vc_custom_1499387222459{margin-top: -20px !important;}&#8220;]<\/p>\n<p style=\"text-align: center;\">G\u00fcnter<\/p>\n<p>[\/vc_column_text][\/vc_column_inner][vc_column_inner width=&#8220;1\/3&#8243; css=&#8220;.vc_custom_1499387200305{margin-top: -20px !important;}&#8220;][vc_single_image image=&#8220;12909&#8243; alignment=&#8220;center&#8220;][vc_column_text css=&#8220;.vc_custom_1528200972950{margin-top: -20px !important;}&#8220;]<\/p>\n<p style=\"text-align: center;\">Fritz<\/p>\n<p>[\/vc_column_text][\/vc_column_inner][\/vc_row_inner][vc_row_inner css=&#8220;.vc_custom_1499387185967{margin-top: -20px !important;}&#8220;][vc_column_inner width=&#8220;1\/3&#8243; css=&#8220;.vc_custom_1499387158608{margin-top: -20px !important;}&#8220;][vc_single_image image=&#8220;1270&#8243; alignment=&#8220;center&#8220;][vc_column_text css=&#8220;.vc_custom_1499387399996{margin-top: -20px !important;}&#8220;]<\/p>\n<p style=\"text-align: center;\">Walter<\/p>\n<p>[\/vc_column_text][\/vc_column_inner][vc_column_inner width=&#8220;1\/3&#8243; css=&#8220;.vc_custom_1499387207763{margin-top: -20px !important;}&#8220;][vc_single_image image=&#8220;1268&#8243; alignment=&#8220;center&#8220;][vc_column_text css=&#8220;.vc_custom_1499387363334{margin-top: -20px !important;}&#8220;]<\/p>\n<p style=\"text-align: center;\">Peter<\/p>\n<p>[\/vc_column_text][\/vc_column_inner][vc_column_inner width=&#8220;1\/3&#8243; css=&#8220;.vc_custom_1499387200305{margin-top: -20px !important;}&#8220;][vc_single_image image=&#8220;1392&#8243; alignment=&#8220;center&#8220;][vc_column_text css=&#8220;.vc_custom_1499387349659{margin-top: -20px !important;}&#8220;]<\/p>\n<p style=\"text-align: center;\">Vadim<\/p>\n<p>[\/vc_column_text][\/vc_column_inner][\/vc_row_inner][vc_row_inner css=&#8220;.vc_custom_1499387185967{margin-top: -20px !important;}&#8220;][vc_column_inner width=&#8220;1\/3&#8243; css=&#8220;.vc_custom_1499387158608{margin-top: -20px !important;}&#8220;][vc_single_image image=&#8220;1571&#8243; alignment=&#8220;center&#8220;][vc_column_text css=&#8220;.vc_custom_1511733760974{margin-top: -20px !important;}&#8220;]<\/p>\n<p style=\"text-align: center;\">Ernst<\/p>\n<p>[\/vc_column_text][\/vc_column_inner][vc_column_inner width=&#8220;1\/3&#8243; css=&#8220;.vc_custom_1499387207763{margin-top: -20px !important;}&#8220;][vc_single_image image=&#8220;1705&#8243; alignment=&#8220;center&#8220;][vc_column_text css=&#8220;.vc_custom_1511733712963{margin-top: -20px !important;}&#8220;]<\/p>\n<p style=\"text-align: center;\">Norman<\/p>\n<p>[\/vc_column_text][\/vc_column_inner][vc_column_inner width=&#8220;1\/3&#8243; css=&#8220;.vc_custom_1499387200305{margin-top: -20px !important;}&#8220;][vc_single_image image=&#8220;15002&#8243; alignment=&#8220;center&#8220;][vc_column_text css=&#8220;.vc_custom_1582776719775{margin-top: -20px !important;}&#8220;]<\/p>\n<p style=\"text-align: center;\">Martin<\/p>\n<p>[\/vc_column_text][\/vc_column_inner][\/vc_row_inner][vc_row_inner css=&#8220;.vc_custom_1499387185967{margin-top: -20px !important;}&#8220;][vc_column_inner width=&#8220;1\/3&#8243; css=&#8220;.vc_custom_1499387158608{margin-top: -20px !important;}&#8220;][vc_single_image image=&#8220;14099&#8243; alignment=&#8220;center&#8220;][vc_column_text css=&#8220;.vc_custom_1544115807348{margin-top: -20px !important;}&#8220;]<\/p>\n<p style=\"text-align: center;\">Wolfgang<\/p>\n<p>[\/vc_column_text][\/vc_column_inner][vc_column_inner width=&#8220;1\/3&#8243; css=&#8220;.vc_custom_1499387207763{margin-top: -20px !important;}&#8220;][vc_single_image image=&#8220;12767&#8243; alignment=&#8220;center&#8220;][vc_column_text css=&#8220;.vc_custom_1537779300912{margin-top: -20px !important;}&#8220;]<\/p>\n<p style=\"text-align: center;\">Georg<\/p>\n<p>[\/vc_column_text][\/vc_column_inner][vc_column_inner width=&#8220;1\/3&#8243; css=&#8220;.vc_custom_1499387200305{margin-top: -20px !important;}&#8220;][vc_single_image image=&#8220;13961&#8243; alignment=&#8220;center&#8220;][vc_column_text css=&#8220;.vc_custom_1537779208282{margin-top: -20px !important;}&#8220;]<\/p>\n<p style=\"text-align: center;\">Hans<\/p>\n<p>[\/vc_column_text][\/vc_column_inner][\/vc_row_inner][vc_row_inner css=&#8220;.vc_custom_1499387185967{margin-top: -20px !important;}&#8220;][vc_column_inner width=&#8220;1\/3&#8243; css=&#8220;.vc_custom_1499387158608{margin-top: -20px !important;}&#8220;][vc_single_image image=&#8220;16872&#8243; alignment=&#8220;center&#8220;][vc_column_text css=&#8220;.vc_custom_1767819798229{margin-top: -20px !important;}&#8220;]<\/p>\n<p style=\"text-align: center;\">Harald<\/p>\n<p>[\/vc_column_text][\/vc_column_inner][vc_column_inner width=&#8220;1\/3&#8243; css=&#8220;.vc_custom_1499387207763{margin-top: -20px !important;}&#8220;][vc_single_image image=&#8220;14415&#8243; alignment=&#8220;center&#8220;][vc_column_text css=&#8220;.vc_custom_1551444553149{margin-top: -20px !important;}&#8220;]<\/p>\n<p style=\"text-align: center;\">Niklas<\/p>\n<p>[\/vc_column_text][\/vc_column_inner][vc_column_inner width=&#8220;1\/3&#8243; css=&#8220;.vc_custom_1499387200305{margin-top: -20px !important;}&#8220;][vc_single_image image=&#8220;16873&#8243; alignment=&#8220;center&#8220;][vc_column_text css=&#8220;.vc_custom_1767819851576{margin-top: -20px !important;}&#8220;]<\/p>\n<p style=\"text-align: center;\">Alexander<\/p>\n<p>[\/vc_column_text][\/vc_column_inner][\/vc_row_inner][vc_row_inner css=&#8220;.vc_custom_1499387185967{margin-top: -20px !important;}&#8220;][vc_column_inner width=&#8220;1\/3&#8243; css=&#8220;.vc_custom_1499387158608{margin-top: -20px !important;}&#8220;][vc_single_image image=&#8220;16874&#8243; alignment=&#8220;center&#8220;][vc_column_text css=&#8220;.vc_custom_1767819947810{margin-top: -20px !important;}&#8220;]<\/p>\n<p style=\"text-align: center;\">Peter<\/p>\n<p>[\/vc_column_text][\/vc_column_inner][vc_column_inner width=&#8220;1\/3&#8243; css=&#8220;.vc_custom_1499387207763{margin-top: -20px !important;}&#8220;][\/vc_column_inner][vc_column_inner width=&#8220;1\/3&#8243; css=&#8220;.vc_custom_1499387200305{margin-top: -20px !important;}&#8220;][\/vc_column_inner][\/vc_row_inner][vc_row_inner css=&#8220;.vc_custom_1499387185967{margin-top: -20px !important;}&#8220;][vc_column_inner width=&#8220;1\/3&#8243; css=&#8220;.vc_custom_1499387158608{margin-top: -20px !important;}&#8220;][vc_column_text css=&#8220;.vc_custom_1528200798247{margin-top: -20px !important;}&#8220;][\/vc_column_text][\/vc_column_inner][vc_column_inner width=&#8220;1\/3&#8243; css=&#8220;.vc_custom_1499387207763{margin-top: -20px !important;}&#8220;][vc_column_text css=&#8220;.vc_custom_1511772279114{margin-top: -20px !important;}&#8220;][\/vc_column_text][\/vc_column_inner][vc_column_inner width=&#8220;1\/3&#8243; css=&#8220;.vc_custom_1499387200305{margin-top: -20px !important;}&#8220;][vc_column_text css=&#8220;.vc_custom_1511772293354{margin-top: -20px !important;}&#8220;][\/vc_column_text][\/vc_column_inner][\/vc_row_inner][vc_column_text 0=&#8220;&#8220;]<\/p>\n<p style=\"text-align: left;\"><strong><span style=\"color: #990000;\">\u00a0\u00a0\u00a0\u00a0\u00a0\u00a0\u00a0\u00a0\u00a0\u00a0 Unsere Partydancer-Taxit\u00e4nzerinnen:<\/span><\/strong><\/p>\n<p>[\/vc_column_text][vc_row_inner css=&#8220;.vc_custom_1499387185967{margin-top: -20px !important;}&#8220;][vc_column_inner width=&#8220;1\/3&#8243;][vc_single_image image=&#8220;12531&#8243; alignment=&#8220;center&#8220;][vc_column_text css=&#8220;.vc_custom_1516199057533{margin-top: -20px !important;}&#8220;]<\/p>\n<p style=\"text-align: center;\">Alexa<\/p>\n<p>[\/vc_column_text][\/vc_column_inner][vc_column_inner width=&#8220;1\/3&#8243;][vc_single_image image=&#8220;13890&#8243; alignment=&#8220;center&#8220;][vc_column_text css=&#8220;.vc_custom_1535912545935{margin-top: -20px !important;}&#8220;]<\/p>\n<p style=\"text-align: center;\">Renate<\/p>\n<p>[\/vc_column_text][\/vc_column_inner][vc_column_inner width=&#8220;1\/3&#8243; css=&#8220;.vc_custom_1499387200305{margin-top: -20px !important;}&#8220;][\/vc_column_inner][\/vc_row_inner][vc_row_inner][vc_column_inner width=&#8220;1\/3&#8243; css=&#8220;.vc_custom_1499387683370{margin-top: -10px !important;}&#8220;][vc_single_image image=&#8220;1286&#8243; alignment=&#8220;center&#8220;][vc_column_text css=&#8220;.vc_custom_1499387492527{margin-top: -20px !important;}&#8220;]<\/p>\n<p style=\"text-align: center;\">Michaela<\/p>\n<p>[\/vc_column_text][\/vc_column_inner][vc_column_inner width=&#8220;1\/3&#8243; css=&#8220;.vc_custom_1499387689503{margin-top: -10px !important;}&#8220;][vc_single_image image=&#8220;2173&#8243; alignment=&#8220;center&#8220;][vc_column_text css=&#8220;.vc_custom_1499387472516{margin-top: -20px !important;}&#8220;]<\/p>\n<p style=\"text-align: center;\">Monika<\/p>\n<p>[\/vc_column_text][\/vc_column_inner][vc_column_inner width=&#8220;1\/3&#8243; css=&#8220;.vc_custom_1499387200305{margin-top: -20px !important;}&#8220;][\/vc_column_inner][\/vc_row_inner][\/vc_column][\/vc_row][vc_row][vc_column][vc_column_text]<\/p>\n<p style=\"text-align: center;\"><strong><span style=\"font-size: 14pt; font-family: helvetica, arial, sans-serif; color: #800000;\">Partydancer-Taxit\u00e4nzer im Einsatz<\/span><\/strong><\/p>\n<p>[\/vc_column_text][vc_single_image image=&#8220;14668&#8243; img_size=&#8220;full&#8220;][vc_single_image image=&#8220;14436&#8243; img_size=&#8220;full&#8220;][vc_single_image image=&#8220;14340&#8243; img_size=&#8220;full&#8220;][vc_single_image image=&#8220;12824&#8243; img_size=&#8220;full&#8220;][\/vc_column][\/vc_row][vc_row][vc_column][vc_column_text]<\/p>\n<p style=\"text-align: center;\"><span style=\"color: #ff0000;\"><strong><span style=\"font-size: 14pt;\">Partydancer und DJ-Dancer : was wir bieten<\/span><\/strong><\/span><\/p>\n<p><iframe loading=\"lazy\" src=\"https:\/\/www.youtube.com\/embed\/dnEyFSul6ec?rel=0&amp;showinfo=0\" width=\"640\" height=\"360\" frameborder=\"0\" allowfullscreen=\"allowfullscreen\"><\/iframe>[\/vc_column_text][\/vc_column][\/vc_row][vc_row][vc_column][\/vc_column][\/vc_row]<\/p>\n<\/div>","protected":false},"excerpt":{"rendered":"<p>[vc_row 0=&#8220;&#8220;][vc_column 0=&#8220;&#8220;][vc_column_text 0=&#8220;&#8220;] \u00a0Rono Alam\u00a0 \u00a0\u00a0 K\u00fcnstler-Agentur und -Management Gerne helfe ich Ihnen auch bei Haltung und Technik Meine Erfahrungen als T\u00e4nzer: Gesellschaftstanz: alle Stufen bis Goldstar in der Tanzschule. Tanzsport: Gewinner aller Klassen, von Anfang bis S-Klasse (2004 &hellip; <a href=\"https:\/\/dj-dancer.at\/index.php\/tanzbegleitung\/\">Continue reading <span class=\"meta-nav\">&rarr;<\/span><\/a><\/p>\n","protected":false},"author":2,"featured_media":0,"parent":0,"menu_order":2,"comment_status":"closed","ping_status":"closed","template":"","meta":{"_monsterinsights_skip_tracking":false,"_monsterinsights_sitenote_active":false,"_monsterinsights_sitenote_note":"","_monsterinsights_sitenote_category":0,"footnotes":""},"class_list":["post-207","page","type-page","status-publish","hentry"],"_links":{"self":[{"href":"https:\/\/dj-dancer.at\/index.php\/wp-json\/wp\/v2\/pages\/207","targetHints":{"allow":["GET"]}}],"collection":[{"href":"https:\/\/dj-dancer.at\/index.php\/wp-json\/wp\/v2\/pages"}],"about":[{"href":"https:\/\/dj-dancer.at\/index.php\/wp-json\/wp\/v2\/types\/page"}],"author":[{"embeddable":true,"href":"https:\/\/dj-dancer.at\/index.php\/wp-json\/wp\/v2\/users\/2"}],"replies":[{"embeddable":true,"href":"https:\/\/dj-dancer.at\/index.php\/wp-json\/wp\/v2\/comments?post=207"}],"version-history":[{"count":104,"href":"https:\/\/dj-dancer.at\/index.php\/wp-json\/wp\/v2\/pages\/207\/revisions"}],"predecessor-version":[{"id":16878,"href":"https:\/\/dj-dancer.at\/index.php\/wp-json\/wp\/v2\/pages\/207\/revisions\/16878"}],"wp:attachment":[{"href":"https:\/\/dj-dancer.at\/index.php\/wp-json\/wp\/v2\/media?parent=207"}],"curies":[{"name":"wp","href":"https:\/\/api.w.org\/{rel}","templated":true}]}}