{"id":52,"date":"2013-02-24T11:28:13","date_gmt":"2013-02-24T09:28:13","guid":{"rendered":"http:\/\/partydancer.at\/wordpress\/?page_id=52"},"modified":"2022-04-19T17:17:59","modified_gmt":"2022-04-19T15:17:59","slug":"impressum","status":"publish","type":"page","link":"https:\/\/dj-dancer.at\/index.php\/impressum\/","title":{"rendered":"Impressum"},"content":{"rendered":"<div style=\"background-repeat: no-repeat;\"><p>[vc_row][vc_column][vc_column_text]<\/p>\n<p style=\"text-align: left;\"><b>Angaben nach dem \u00f6sterreichischen Mediengesetz<\/b><br \/>\n<b>Herausgeber und Medieninhaber:<\/b><\/p>\n<div id=\"attachment_11163\" style=\"width: 160px\" class=\"wp-caption alignright\"><a href=\"http:\/\/dj-dancer.at\/wp-content\/uploads\/2017\/06\/Rono-Portrait-MSC.jpg\"><img loading=\"lazy\" decoding=\"async\" aria-describedby=\"caption-attachment-11163\" class=\"wp-image-11163 size-thumbnail\" src=\"https:\/\/dj-dancer.at\/wp-content\/uploads\/2017\/06\/Rono-Portrait-MSC-150x137.jpg\" alt=\"\" width=\"150\" height=\"137\" srcset=\"https:\/\/dj-dancer.at\/wp-content\/uploads\/2017\/06\/Rono-Portrait-MSC-150x137.jpg 150w, https:\/\/dj-dancer.at\/wp-content\/uploads\/2017\/06\/Rono-Portrait-MSC-300x274.jpg 300w, https:\/\/dj-dancer.at\/wp-content\/uploads\/2017\/06\/Rono-Portrait-MSC-768x703.jpg 768w, https:\/\/dj-dancer.at\/wp-content\/uploads\/2017\/06\/Rono-Portrait-MSC-1024x937.jpg 1024w, https:\/\/dj-dancer.at\/wp-content\/uploads\/2017\/06\/Rono-Portrait-MSC-328x300.jpg 328w, https:\/\/dj-dancer.at\/wp-content\/uploads\/2017\/06\/Rono-Portrait-MSC.jpg 1138w\" sizes=\"auto, (max-width: 150px) 100vw, 150px\" \/><\/a><p id=\"caption-attachment-11163\" class=\"wp-caption-text\">Rono Alam<\/p><\/div>\n<p><strong>Rono ALAM<\/strong><br \/>\nK\u00fcnstler-Agentur und -Management<\/p>\n<p><a href=\"http:\/\/www.dj-dancer.at\" target=\"_blank\" rel=\"noopener\"><b>www.dj-dancer.at<\/b><\/a><br \/>\nMobil: + 43 650 255 98 91<br \/>\nLechnerstrasse 1-5<br \/>\nA\u20131030 Wien<br \/>\n\u00d6sterreich \/ Austria<\/p>\n<p><b>Erreichbar u.\u00a0a. \u00fcber folgende Domains:<\/b><\/p>\n<p><a href=\"http:\/\/www.dj-dancer.at\">www.partydancer.at<\/a><br \/>\n<a href=\"http:\/\/www.dj-dancer.at\">www.dj-dancer.at<\/a><br \/>\n<a href=\"http:\/\/www.cd-tanzabend.at\">www.cd-tanzabend.at<\/a><br \/>\n<a href=\"http:\/\/www.cd-tanzabend.at\">www.tanzabende.at<\/a><br \/>\n<a href=\"http:\/\/www.dance-escort.com\">www.dance-escort.com<\/a><br \/>\n<a href=\"https:\/\/ronostanzabend.at\">www.ronostanzabend.at<\/a><\/p>\n<p><b>Grundlegende inhaltliche Richtung:<\/b><br \/>\n<strong>DJ-Dancer<\/strong><br \/>\n\u2013\u00a0Informationen \u00fcber die von <strong>DJ-Dancer<\/strong> angebotenen Leistungen und Services.<br \/>\n\u2013\u00a0Informationen zu allgemeinen Themen; insbesondere zu den Bereichen Tanz.<\/p>\n<p><b>Rechtshinweis<\/b><br \/>\n<strong>DJ-Dancer<\/strong> pr\u00fcft und aktualisiert die Informationen auf seinen Webseiten st\u00e4ndig. Trotz aller Sorgfalt k\u00f6nnen sich die Daten inzwischen ver\u00e4ndert haben. Eine Haftung oder Garantie f\u00fcr die Aktualit\u00e4t, Richtigkeit und Vollst\u00e4ndigkeit der zur Verf\u00fcgung gestellten Informationen kann daher nicht \u00fcbernommen werden. Gleiches gilt auch f\u00fcr alle anderen Websites, auf die mittels Hyperlink verwiesen wird. Das Herstellen von Verbindungen zu derartigen Websites erfolgt auf eigene Gefahr. <strong>DJ-Dancer<\/strong> ist f\u00fcr den Inhalt der Websites, die aufgrund einer solchen Verbindung erreicht werden, nicht verantwortlich.<\/p>\n<p><b>\u00c4nderungen<\/b><br \/>\nDes weiteren beh\u00e4lt sich <strong>DJ-Dancer<\/strong> das Recht vor, \u00c4nderungen oder Erg\u00e4nzungen der bereitgestellten Informationen vorzunehmen.<br \/>\nInhalt und Struktur der Websites von <strong>DJ-Dancer<\/strong> sind urheberrechtlich gesch\u00fctzt. Die Vervielf\u00e4ltigung von Informationen oder Daten, insbesondere die Verwendung von Texten, Textteilen oder Bildmaterial bedarf der vorherigen Zustimmung von <strong>DJ-Dancer<\/strong>.[\/vc_column_text][\/vc_column][\/vc_row]<\/p>\n<\/div>","protected":false},"excerpt":{"rendered":"<p>[vc_row][vc_column][vc_column_text] Angaben nach dem \u00f6sterreichischen Mediengesetz Herausgeber und Medieninhaber: Rono ALAM K\u00fcnstler-Agentur und -Management www.dj-dancer.at Mobil: + 43 650 255 98 91 Lechnerstrasse 1-5 A\u20131030 Wien \u00d6sterreich \/ Austria Erreichbar u.\u00a0a. \u00fcber folgende Domains: www.partydancer.at www.dj-dancer.at www.cd-tanzabend.at www.tanzabende.at www.dance-escort.com www.ronostanzabend.at &hellip; <a href=\"https:\/\/dj-dancer.at\/index.php\/impressum\/\">Continue reading <span class=\"meta-nav\">&rarr;<\/span><\/a><\/p>\n","protected":false},"author":2,"featured_media":0,"parent":0,"menu_order":0,"comment_status":"closed","ping_status":"closed","template":"","meta":{"_monsterinsights_skip_tracking":false,"_monsterinsights_sitenote_active":false,"_monsterinsights_sitenote_note":"","_monsterinsights_sitenote_category":0,"footnotes":""},"class_list":["post-52","page","type-page","status-publish","hentry"],"_links":{"self":[{"href":"https:\/\/dj-dancer.at\/index.php\/wp-json\/wp\/v2\/pages\/52","targetHints":{"allow":["GET"]}}],"collection":[{"href":"https:\/\/dj-dancer.at\/index.php\/wp-json\/wp\/v2\/pages"}],"about":[{"href":"https:\/\/dj-dancer.at\/index.php\/wp-json\/wp\/v2\/types\/page"}],"author":[{"embeddable":true,"href":"https:\/\/dj-dancer.at\/index.php\/wp-json\/wp\/v2\/users\/2"}],"replies":[{"embeddable":true,"href":"https:\/\/dj-dancer.at\/index.php\/wp-json\/wp\/v2\/comments?post=52"}],"version-history":[{"count":20,"href":"https:\/\/dj-dancer.at\/index.php\/wp-json\/wp\/v2\/pages\/52\/revisions"}],"predecessor-version":[{"id":16060,"href":"https:\/\/dj-dancer.at\/index.php\/wp-json\/wp\/v2\/pages\/52\/revisions\/16060"}],"wp:attachment":[{"href":"https:\/\/dj-dancer.at\/index.php\/wp-json\/wp\/v2\/media?parent=52"}],"curies":[{"name":"wp","href":"https:\/\/api.w.org\/{rel}","templated":true}]}}