{"id":53,"date":"2013-02-24T11:26:50","date_gmt":"2013-02-24T09:26:50","guid":{"rendered":"http:\/\/partydancer.at\/wordpress\/?page_id=53"},"modified":"2018-06-05T15:10:53","modified_gmt":"2018-06-05T13:10:53","slug":"newsletter","status":"publish","type":"page","link":"https:\/\/dj-dancer.at\/index.php\/kontakt\/newsletter\/","title":{"rendered":"Newsletter"},"content":{"rendered":"<div style=\"background-repeat: no-repeat;\"><p>Mit unserem Newsletter werden Sie regelm\u00e4\u00dfig \u00fcber unsere Termine und Veranstaltungen informiert.<\/p>\n<p>Mit Absenden der Newsletteranmeldung best\u00e4tigen Sie zugleich, da\u00df Sie die Datenschutzbestimmungen gelesen haben und unsere Newsletter per email zugeschickt haben wollen.<\/p>\n<p>&nbsp;<\/p>\n<script>(function() {\n\twindow.mc4wp = window.mc4wp || {\n\t\tlisteners: [],\n\t\tforms: {\n\t\t\ton: function(evt, cb) {\n\t\t\t\twindow.mc4wp.listeners.push(\n\t\t\t\t\t{\n\t\t\t\t\t\tevent   : evt,\n\t\t\t\t\t\tcallback: cb\n\t\t\t\t\t}\n\t\t\t\t);\n\t\t\t}\n\t\t}\n\t}\n})();\n<\/script><!-- Mailchimp for WordPress v4.12.2 - https:\/\/wordpress.org\/plugins\/mailchimp-for-wp\/ --><form id=\"mc4wp-form-1\" class=\"mc4wp-form mc4wp-form-12869\" method=\"post\" data-id=\"12869\" data-name=\"Formular 01\" ><div class=\"mc4wp-form-fields\"><p>\r\n    <label>Anrede<\/label>\r\n    <input type=\"text\" name=\"MMERGE4\" placeholder=\"Anrede\">\r\n<\/p>\r\n<p>\r\n    <label>Vorname<\/label>\r\n    <input type=\"text\" name=\"FNAME\" placeholder=\"Vorname\">\r\n<\/p>\r\n<p>\r\n    <label>Nachname<\/label>\r\n    <input type=\"text\" name=\"LNAME\" placeholder=\"Nachname\">\r\n<\/p>\r\n<p>\r\n\t<label>Email-Adresse: <\/label>\r\n\t<input type=\"email\" name=\"EMAIL\" placeholder=\"Ihre Email-Adresse\" required \/>\r\n<\/p>\r\n\r\n<p>\r\n\t<input type=\"submit\" value=\"Absenden\" \/>\r\n<\/p><\/div><label style=\"display: none !important;\">Wenn du ein Mensch bist, lasse das Feld leer: <input type=\"text\" name=\"_mc4wp_honeypot\" value=\"\" tabindex=\"-1\" autocomplete=\"off\" \/><\/label><input type=\"hidden\" name=\"_mc4wp_timestamp\" value=\"1776939050\" \/><input type=\"hidden\" name=\"_mc4wp_form_id\" value=\"12869\" \/><input type=\"hidden\" name=\"_mc4wp_form_element_id\" value=\"mc4wp-form-1\" \/><div class=\"mc4wp-response\"><\/div><\/form><!-- \/ Mailchimp for WordPress Plugin -->\n<div class=\"vc_row wpb_row vc_row-fluid dt-default\">\n<div class=\"wpb_column vc_column_container vc_col-sm-12\">\n<div class=\"vc_column-inner \">\n<div class=\"wpb_wrapper\">\n<div class=\"wpb_text_column wpb_content_element \">\n<div class=\"wpb_wrapper\">\n<hr \/>\n<p>Sie k\u00f6nnen sich nat\u00fcrlich jederzeit vom Newsletter durch einen Klick am Ende des Newsletters abmelden.<br \/>\nDamit werden alle Ihre Daten unwiderruflich gel\u00f6scht.<\/p>\n<p>Ihre Daten werden NICHT an Dritte weitergegeben.<\/p>\n<p>Ihre Daten werden ausschlie\u00dflich zur Versendung unseres Newsletters verwendet.<\/p>\n<\/div>\n<\/div>\n<\/div>\n<\/div>\n<\/div>\n<\/div>\n<\/div>","protected":false},"excerpt":{"rendered":"<p>Mit unserem Newsletter werden Sie regelm\u00e4\u00dfig \u00fcber unsere Termine und Veranstaltungen informiert. Mit Absenden der Newsletteranmeldung best\u00e4tigen Sie zugleich, da\u00df Sie die Datenschutzbestimmungen gelesen haben und unsere Newsletter per email zugeschickt haben wollen. &nbsp; Sie k\u00f6nnen sich nat\u00fcrlich jederzeit vom &hellip; <a href=\"https:\/\/dj-dancer.at\/index.php\/kontakt\/newsletter\/\">Continue reading <span class=\"meta-nav\">&rarr;<\/span><\/a><\/p>\n","protected":false},"author":2,"featured_media":0,"parent":16,"menu_order":0,"comment_status":"closed","ping_status":"closed","template":"","meta":{"_monsterinsights_skip_tracking":false,"_monsterinsights_sitenote_active":false,"_monsterinsights_sitenote_note":"","_monsterinsights_sitenote_category":0,"footnotes":""},"class_list":["post-53","page","type-page","status-publish","hentry"],"_links":{"self":[{"href":"https:\/\/dj-dancer.at\/index.php\/wp-json\/wp\/v2\/pages\/53","targetHints":{"allow":["GET"]}}],"collection":[{"href":"https:\/\/dj-dancer.at\/index.php\/wp-json\/wp\/v2\/pages"}],"about":[{"href":"https:\/\/dj-dancer.at\/index.php\/wp-json\/wp\/v2\/types\/page"}],"author":[{"embeddable":true,"href":"https:\/\/dj-dancer.at\/index.php\/wp-json\/wp\/v2\/users\/2"}],"replies":[{"embeddable":true,"href":"https:\/\/dj-dancer.at\/index.php\/wp-json\/wp\/v2\/comments?post=53"}],"version-history":[{"count":8,"href":"https:\/\/dj-dancer.at\/index.php\/wp-json\/wp\/v2\/pages\/53\/revisions"}],"predecessor-version":[{"id":15970,"href":"https:\/\/dj-dancer.at\/index.php\/wp-json\/wp\/v2\/pages\/53\/revisions\/15970"}],"up":[{"embeddable":true,"href":"https:\/\/dj-dancer.at\/index.php\/wp-json\/wp\/v2\/pages\/16"}],"wp:attachment":[{"href":"https:\/\/dj-dancer.at\/index.php\/wp-json\/wp\/v2\/media?parent=53"}],"curies":[{"name":"wp","href":"https:\/\/api.w.org\/{rel}","templated":true}]}}