{"id":6,"date":"2013-02-20T03:44:09","date_gmt":"2013-02-20T01:44:09","guid":{"rendered":"http:\/\/partydancer.at\/wordpress\/?page_id=4"},"modified":"2023-05-18T19:48:39","modified_gmt":"2023-05-18T17:48:39","slug":"home","status":"publish","type":"page","link":"https:\/\/dj-dancer.at\/","title":{"rendered":"Home"},"content":{"rendered":"<div style=\"background-repeat: no-repeat;\"><p>[vc_row][vc_column][vc_column_text]<\/p>\n<div align=\"center\">\n<p style=\"text-align: left;\">\n<div>\n<p align=\"center\"><img loading=\"lazy\" decoding=\"async\" class=\"size-full wp-image-1220 alignleft\" title=\"\" src=\"http:\/\/dj-dancer.at\/wp-content\/uploads\/2013\/07\/NotenHoch11.jpg\" alt=\"NotenHoch1\" width=\"89\" height=\"419\" \/><span style=\"color: #333333;\"><span style=\"font-size: 16px;\">Was wir Ihnen\/Euch bieten:<\/span><\/span><\/p>\n<p><a href=\"http:\/\/dj-dancer.at\/?page_id=207\"><strong><u>&#8211; Tanzbegleitung\/Partydancer, Tanzanimation<\/u><\/strong><\/a><\/p>\n<p>Sie wollen tanzen gehen, haben aber keinen Tanzpartner? Wir haben Taxit\u00e4nzer (original Partydancer), die Sie auf verschiedene Tanzveranstaltungen begleiten.<\/p>\n<p><a href=\"http:\/\/dj-dancer.at\/?page_id=177\/\"><strong><u>&#8211; DJ, Live Musik und Alleinunterhalter<\/u><\/strong><\/a><\/p>\n<p>Wir spielen f\u00fcr Sie die passende Tanzmusik sowie andere Musikrichtungen f\u00fcr Ihre Veranstaltung.<\/p>\n<p>Auf Wunsch stellen wir das gesamte Equipment f\u00fcr guten Sound und Licht zur Verf\u00fcgung.<\/p>\n<p style=\"text-align: center;\"><a href=\"http:\/\/dj-dancer.at\/?page_id=241\"><strong><u>&#8211; Showtanz<\/u><\/strong><\/a><\/p>\n<p>Suchen Sie ein besonderes Highlight f\u00fcr Ihre Feier?<\/p>\n<p>Unsere Showt\u00e4nzer werden sie mit einem professionellen Programm begeistern! Sie k\u00f6nnen aus allen lateinamerikanischen und Standardt\u00e4nzen, sowie aus weiteren<br \/>\nT\u00e4nzen, zB. Flamenco, w\u00e4hlen.<\/p>\n<p>&nbsp;<\/p>\n<\/div>\n<div>\n<p style=\"text-align: center;\"><span style=\"color: #ff0000;\"><strong><span style=\"font-size: 14pt;\">Partydancer und DJ-Dancer : was wir bieten<\/span><\/strong><\/span><\/p>\n<p><iframe loading=\"lazy\" src=\"https:\/\/www.youtube.com\/embed\/dnEyFSul6ec?rel=0&amp;showinfo=0\" width=\"640\" height=\"360\" frameborder=\"0\" allowfullscreen=\"allowfullscreen\"><\/iframe><\/p>\n<p>&nbsp;<\/p>\n<hr \/>\n<p>&nbsp;<\/p>\n<p>&nbsp;<\/p>\n<p align=\"center\"><img loading=\"lazy\" decoding=\"async\" class=\"size-full wp-image-1220 alignleft\" title=\"\" src=\"http:\/\/dj-dancer.at\/wp-content\/uploads\/2013\/07\/NotenHoch11.jpg\" alt=\"NotenHoch1\" width=\"89\" height=\"419\" \/><span style=\"color: #333333;\"><span style=\"font-size: 16px;\">I offer you anything that has to do with music:<\/span><\/span><\/p>\n<p align=\"center\"><a href=\"http:\/\/dj-dancer.at\/?page_id=177\/\"><strong><u>DJ and entertainer<\/u><\/strong><\/a><\/p>\n<p>We play for you a suitable dance music and other genres of music for your event.<\/p>\n<p>Upon request we provide all the equipment for good sound and light.<\/p>\n<p align=\"center\"><a href=\"http:\/\/dj-dancer.at\/?page_id=207\"><strong><u>Dance Partner \/ Dance Animation \/ Dance Escort \/<\/u><\/strong><\/a><\/p>\n<p>Taxi Dancer \/ Dance companionship<\/p>\n<p>Our Original Party Dancer (taxi dancer) will accompany you on all dance events such as proms, parties, dance school perfections, private parties, etc.<\/p>\n<p align=\"center\"><a href=\"http:\/\/dj-dancer.at\/?page_id=210\"><strong><u>Show dance<\/u><\/strong><\/a><\/p>\n<p>We offer a professional show dance program suitable for different occasions consisting<br \/>\nof different dance styles such as:<br \/>\nLatin dances, Ballroom dances, boogie, salsa, flamenco, Argentine tango and belly dancing.<br \/>\nYou also have the opportunity to improve your dancing skills at our certified trainer.<\/p>\n<\/div>\n<div>\n<hr \/>\n<p><span style=\"font-size: 14px;\"><strong><span style=\"color: #696969;\">CONTACT:\u00a0\u00a0 Mr.\u00a0 <\/span><\/strong><span style=\"color: #696969;\"><strong>Rono Alam<\/strong>\u00a0\u00a0\u00a0\u00a0 |\u00a0\u00a0\u00a0\u00a0 +43 650 255 98 91\u00a0\u00a0\u00a0\u00a0 |\u00a0\u00a0\u00a0\u00a0 rono@dj-dancer.at<\/span><\/span><br \/>\noffice@ronostanzabend.at\u00a0\u00a0 |\u00a0\u00a0 rono@partydancer.at<br \/>\n<strong>K\u00fcnstler-Agentur und -Management<\/strong><\/p>\n<hr \/>\n<p><a href=\"http:\/\/www.dj-dancer.at\">www.partydancer.at<\/a>\u00a0 |\u00a0 <a href=\"http:\/\/www.dj-dancer.at\">www.dj-dancer.at<\/a>\u00a0 |\u00a0 <a href=\"https:\/\/ronostanzabend.at\/\">www.ronostanzabend.at<\/a>\u00a0 |\u00a0 <a href=\"http:\/\/dj-dancer.at\/?page_id=177\">www.dj-in-wien.at<\/a><br \/>\n<a href=\"http:\/\/dance-escort.com\/\">www.dance-escort.com<\/a>\u00a0 |\u00a0 <a href=\"http:\/\/www.cd-tanzabend.at\">www.cd-tanzabend.at<\/a>\u00a0 |\u00a0 <a href=\"http:\/\/www.cd-tanzabend.at\">www.tanzabende.at<\/a><br \/>\n<a href=\"http:\/\/www.dj-dancer.at\">www.wiener-taxit\u00e4nzer.at<\/a>\u00a0\u00a0|\u00a0 <a href=\"http:\/\/www.dj-dancer.at\">www.partyt\u00e4nzer.at<\/a>\u00a0 |\u00a0 <a href=\"http:\/\/taxidancer-partydancer.de\">www.taxidancer-partydancer.de<\/a><\/p>\n<p><a href=\"https:\/\/dj-dancer.at\/index.php\/impressum\/\">Impressum<\/a><\/p>\n<p><a href=\"https:\/\/dj-dancer.at\/index.php\/datenschutzbestimmungen\/\">Datenschutzbestimmungen<\/a><\/p>\n<\/div>\n<\/div>\n<p>[\/vc_column_text][\/vc_column][\/vc_row]<\/p>\n<\/div>","protected":false},"excerpt":{"rendered":"<p>[vc_row][vc_column][vc_column_text] Was wir Ihnen\/Euch bieten: &#8211; Tanzbegleitung\/Partydancer, Tanzanimation Sie wollen tanzen gehen, haben aber keinen Tanzpartner? Wir haben Taxit\u00e4nzer (original Partydancer), die Sie auf verschiedene Tanzveranstaltungen begleiten. &#8211; DJ, Live Musik und Alleinunterhalter Wir spielen f\u00fcr Sie die passende Tanzmusik &hellip; <a href=\"https:\/\/dj-dancer.at\/\">Continue reading <span class=\"meta-nav\">&rarr;<\/span><\/a><\/p>\n","protected":false},"author":2,"featured_media":0,"parent":0,"menu_order":1,"comment_status":"closed","ping_status":"closed","template":"","meta":{"_monsterinsights_skip_tracking":false,"_monsterinsights_sitenote_active":false,"_monsterinsights_sitenote_note":"","_monsterinsights_sitenote_category":0,"footnotes":""},"class_list":["post-6","page","type-page","status-publish","hentry"],"_links":{"self":[{"href":"https:\/\/dj-dancer.at\/index.php\/wp-json\/wp\/v2\/pages\/6","targetHints":{"allow":["GET"]}}],"collection":[{"href":"https:\/\/dj-dancer.at\/index.php\/wp-json\/wp\/v2\/pages"}],"about":[{"href":"https:\/\/dj-dancer.at\/index.php\/wp-json\/wp\/v2\/types\/page"}],"author":[{"embeddable":true,"href":"https:\/\/dj-dancer.at\/index.php\/wp-json\/wp\/v2\/users\/2"}],"replies":[{"embeddable":true,"href":"https:\/\/dj-dancer.at\/index.php\/wp-json\/wp\/v2\/comments?post=6"}],"version-history":[{"count":29,"href":"https:\/\/dj-dancer.at\/index.php\/wp-json\/wp\/v2\/pages\/6\/revisions"}],"predecessor-version":[{"id":16401,"href":"https:\/\/dj-dancer.at\/index.php\/wp-json\/wp\/v2\/pages\/6\/revisions\/16401"}],"wp:attachment":[{"href":"https:\/\/dj-dancer.at\/index.php\/wp-json\/wp\/v2\/media?parent=6"}],"curies":[{"name":"wp","href":"https:\/\/api.w.org\/{rel}","templated":true}]}}